{"id":357,"date":"2025-12-30T07:51:12","date_gmt":"2025-12-30T06:51:12","guid":{"rendered":"https:\/\/ikermadoz.garapena.eus\/?page_id=357"},"modified":"2026-03-18T09:23:36","modified_gmt":"2026-03-18T08:23:36","slug":"inicio","status":"publish","type":"page","link":"https:\/\/ikermadoz.garapena.eus\/es\/","title":{"rendered":"Inicio"},"content":{"rendered":"<section class=\"l-section wpb_row height_auto full_height valign_center width_full with_video\"><div id=\"us_bg_video_w9c6\" class=\"l-section-video\"><script id=\"us_bg_video_w9c6-script\">!function(w){var node = document.getElementById( 'us_bg_video_w9c6' );if ( w.innerWidth <= 100 ) { node.remove() }}(window);<\/script><style>@media(max-width:100px){#us_bg_video_w9c6{display:none!important}}<\/style><video  autoplay loop muted playsinline preload=\"auto\" tabindex=\"-1\"><source type=\"video\/mp4\" src=\"\/wp-content\/uploads\/2026\/03\/Sarrerako-bideoa.mov\" \/><\/video><\/div><div class=\"l-section-overlay\" style=\"background:rgba(84,178,204,0.49)\"><\/div><div class=\"l-section-h i-cf\"><div class=\"g-cols vc_row via_grid cols_1 laptops-cols_inherit tablets-cols_inherit mobiles-cols_1 valign_top type_default stacking_default\"><div class=\"wpb_column vc_column_container\"><div class=\"vc_column-inner\"><span class=\"w-text us_custom_c407821a zentratu has_text_color\"><span class=\"w-text-h\"><span class=\"w-text-value\">EXPERIENCIAS<\/span><\/span><\/span><p class=\"w-text us_custom_d4176f5b has_text_color\"><span class=\"w-text-h\"><span class=\"w-text-value\">\u00fanicas<\/span><\/span><\/p><div class=\"w-separator size_medium\"><\/div><div class=\"w-btn-wrapper align_center\"><a class=\"w-btn us-btn-style_1 icon_atright\" href=\"#servicios\"><span class=\"w-btn-label\">Conoce mis servicios<\/span><i class=\"fas fa-angle-double-down\"><\/i><\/a><\/div><\/div><\/div><\/div><\/div><\/section><section class=\"l-section wpb_row height_medium full_height valign_center with_img\" id=\"servicios\"><div class=\"l-section-img\" role=\"img\" aria-label=\"Imagen\" data-img-width=\"1920\" data-img-height=\"1080\" style=\"background-image: url(https:\/\/ikermadoz.garapena.eus\/wp-content\/uploads\/2026\/03\/bg-jarduerak.png);background-repeat: no-repeat;\"><\/div><div class=\"l-section-h i-cf\"><div class=\"g-cols vc_row via_grid cols_1 laptops-cols_inherit tablets-cols_inherit mobiles-cols_1 valign_top type_default stacking_default\"><div class=\"wpb_column vc_column_container\"><div class=\"vc_column-inner\"><h2 class=\"w-text us_custom_2e66a0d1 has_text_color\"><span class=\"w-text-h\"><span class=\"w-text-value\">\u00bfEN QU\u00c9 PUEDO AYUDARTE?<\/span><\/span><\/h2><div class=\"wpb_text_column\"><div class=\"wpb_wrapper\"><p dir=\"ltr\" data-pm-slice=\"1 1 &#091;&#093;\">En este apartado encontrar\u00e9is todas las actividades y servicios que ofrezco,<br \/>\nal igual que la posibilidad de preguntar por experiencias que no est\u00e9n nombradas.<\/p>\n<\/div><\/div><div class=\"w-separator size_medium\"><\/div><div class=\"w-grid us_post_list type_grid layout_110 cols_4 overflow_hidden preload_style_spinner\" id=\"us_post_list_ua23\" style=\"--columns:4;--gap:1.5rem;\"><style>@media (max-width:1024px){#us_post_list_ua23{--columns:2!important}}@media (max-width:600px){#us_post_list_ua23{--columns:1!important}}.layout_110 .w-grid-item-h{border-radius:0rem;box-shadow:0 0rem 0rem rgba(0,0,0,0.1),0 0rem 0rem rgba(0,0,0,0.1);transition-duration:0.3s}.no-touch .layout_110 .w-grid-item-h:hover{box-shadow:0 0.14rem 0.28rem rgba(0,0,0,0.1),0 0.47rem 1.4rem rgba(0,0,0,0.15);z-index:4}.layout_110 .usg_post_image_1{transition-duration:0.3s;transform-origin:50% 50%;transform:scale(1) translate(0%,0%)}.layout_110 .w-grid-item-h:focus-within .usg_post_image_1,.layout_110 .w-grid-item-h:hover .usg_post_image_1{transform:scale(1.15) translate(0%,0%);opacity:1}.layout_110 .usg_post_title_1{transition-duration:0.3s;transform-origin:50% 50%;transform:scale(1) translate(0%,0%)}.layout_110 .w-grid-item-h:focus-within .usg_post_title_1,.layout_110 .w-grid-item-h:hover .usg_post_title_1{transform:scale(1) translate(0%,0%);opacity:1;color:#AFD7E2!important}.layout_110 .usg_vwrapper_1{min-height:292px!important;position:absolute!important;left:0!important;bottom:0!important;right:0!important;background:url(https:\/\/ikermadoz.garapena.eus\/wp-content\/uploads\/2026\/03\/Enmascarar-grupo-6.png) no-repeat bottom center \/ cover!important;padding:15% 7% 12% 7%!important}.layout_110 .usg_post_title_1{color:#fff!important;font-size:1.8rem!important;line-height:1.6rem!important;text-transform:uppercase!important;font-style:italic!important;margin-bottom:0!important}<\/style><div class=\"w-grid-list\">\t<article class=\"w-grid-item size_1x1 post-393 post type-post status-publish format-standard has-post-thumbnail hentry category-actividades\" data-id=\"393\">\r\n\t\t<div class=\"w-grid-item-h\">\r\n\t\t\t\t\t\t\t<a href=\"https:\/\/ikermadoz.garapena.eus\/es\/actividades\/alpinismo\/\" class=\"w-grid-item-anchor\" aria-label=\"Alpinismo\"><\/a>\r\n\t\t\t\t\t\t<div class=\"w-post-elm post_image usg_post_image_1 stretched\"><img loading=\"lazy\" decoding=\"async\" width=\"250\" height=\"461\" src=\"https:\/\/ikermadoz.garapena.eus\/wp-content\/uploads\/2025\/12\/Grupo-394.png\" class=\"attachment-us_250_461_crop size-us_250_461_crop wp-post-image\" alt=\"\" srcset=\"https:\/\/ikermadoz.garapena.eus\/wp-content\/uploads\/2025\/12\/Grupo-394.png 250w, https:\/\/ikermadoz.garapena.eus\/wp-content\/uploads\/2025\/12\/Grupo-394-163x300.png 163w\" sizes=\"auto, (max-width: 250px) 100vw, 250px\" \/><\/div><div class=\"w-vwrapper usg_vwrapper_1 align_none valign_bottom\" style=\"--vwrapper-gap:0rem\"><h3 class=\"w-post-elm post_title usg_post_title_1 hide_if_not_first has_text_color entry-title color_link_inherit\">Alpinismo<\/h3><\/div>\t\t<\/div>\r\n\t\t\t<\/article>\r\n\t<article class=\"w-grid-item size_1x1 post-400 post type-post status-publish format-standard has-post-thumbnail hentry category-actividades\" data-id=\"400\">\r\n\t\t<div class=\"w-grid-item-h\">\r\n\t\t\t\t\t\t\t<a href=\"https:\/\/ikermadoz.garapena.eus\/es\/actividades\/escalada-en-roca-y-aristas\/\" class=\"w-grid-item-anchor\" aria-label=\"Escalada en roca y aristas\"><\/a>\r\n\t\t\t\t\t\t<div class=\"w-post-elm post_image usg_post_image_1 stretched\"><img loading=\"lazy\" decoding=\"async\" width=\"250\" height=\"461\" src=\"https:\/\/ikermadoz.garapena.eus\/wp-content\/uploads\/2026\/03\/IMG_3281.png\" class=\"attachment-us_250_461_crop size-us_250_461_crop wp-post-image\" alt=\"\" srcset=\"https:\/\/ikermadoz.garapena.eus\/wp-content\/uploads\/2026\/03\/IMG_3281.png 250w, https:\/\/ikermadoz.garapena.eus\/wp-content\/uploads\/2026\/03\/IMG_3281-163x300.png 163w\" sizes=\"auto, (max-width: 250px) 100vw, 250px\" \/><\/div><div class=\"w-vwrapper usg_vwrapper_1 align_none valign_bottom\" style=\"--vwrapper-gap:0rem\"><h3 class=\"w-post-elm post_title usg_post_title_1 hide_if_not_first has_text_color entry-title color_link_inherit\">Escalada en roca y aristas<\/h3><\/div>\t\t<\/div>\r\n\t\t\t<\/article>\r\n\t<article class=\"w-grid-item size_1x1 post-406 post type-post status-publish format-standard has-post-thumbnail hentry category-actividades\" data-id=\"406\">\r\n\t\t<div class=\"w-grid-item-h\">\r\n\t\t\t\t\t\t\t<a href=\"https:\/\/ikermadoz.garapena.eus\/es\/actividades\/escalada-en-hielo-y-mixto\/\" class=\"w-grid-item-anchor\" aria-label=\"Escalada en hielo y mixto\"><\/a>\r\n\t\t\t\t\t\t<div class=\"w-post-elm post_image usg_post_image_1 stretched\"><img loading=\"lazy\" decoding=\"async\" width=\"250\" height=\"461\" src=\"https:\/\/ikermadoz.garapena.eus\/wp-content\/uploads\/2026\/03\/IMG_5943-2.png\" class=\"attachment-us_250_461_crop size-us_250_461_crop wp-post-image\" alt=\"\" srcset=\"https:\/\/ikermadoz.garapena.eus\/wp-content\/uploads\/2026\/03\/IMG_5943-2.png 250w, https:\/\/ikermadoz.garapena.eus\/wp-content\/uploads\/2026\/03\/IMG_5943-2-163x300.png 163w\" sizes=\"auto, (max-width: 250px) 100vw, 250px\" \/><\/div><div class=\"w-vwrapper usg_vwrapper_1 align_none valign_bottom\" style=\"--vwrapper-gap:0rem\"><h3 class=\"w-post-elm post_title usg_post_title_1 hide_if_not_first has_text_color entry-title color_link_inherit\">Escalada en hielo y mixto<\/h3><\/div>\t\t<\/div>\r\n\t\t\t<\/article>\r\n\t<article class=\"w-grid-item size_1x1 post-415 post type-post status-publish format-standard has-post-thumbnail hentry category-actividades\" data-id=\"415\">\r\n\t\t<div class=\"w-grid-item-h\">\r\n\t\t\t\t\t\t\t<a href=\"https:\/\/ikermadoz.garapena.eus\/es\/actividades\/esqui-de-travesia\/\" class=\"w-grid-item-anchor\" aria-label=\"Esqu\u00ed de traves\u00eda\"><\/a>\r\n\t\t\t\t\t\t<div class=\"w-post-elm post_image usg_post_image_1 stretched\"><img loading=\"lazy\" decoding=\"async\" width=\"250\" height=\"461\" src=\"https:\/\/ikermadoz.garapena.eus\/wp-content\/uploads\/2026\/03\/IMG_5946.png\" class=\"attachment-us_250_461_crop size-us_250_461_crop wp-post-image\" alt=\"\" srcset=\"https:\/\/ikermadoz.garapena.eus\/wp-content\/uploads\/2026\/03\/IMG_5946.png 250w, https:\/\/ikermadoz.garapena.eus\/wp-content\/uploads\/2026\/03\/IMG_5946-163x300.png 163w\" sizes=\"auto, (max-width: 250px) 100vw, 250px\" \/><\/div><div class=\"w-vwrapper usg_vwrapper_1 align_none valign_bottom\" style=\"--vwrapper-gap:0rem\"><h3 class=\"w-post-elm post_title usg_post_title_1 hide_if_not_first has_text_color entry-title color_link_inherit\">Esqu\u00ed de traves\u00eda<\/h3><\/div>\t\t<\/div>\r\n\t\t\t<\/article>\r\n<\/div><div class=\"g-loadmore hidden\"><div class=\"g-preloader type_1\"><div><\/div><\/div><\/div><div class=\"w-grid-list-json hidden\" onclick='return {&quot;max_num_pages&quot;:0,&quot;paginationBase&quot;:&quot;page&quot;,&quot;pagination&quot;:&quot;none&quot;,&quot;paged&quot;:1,&quot;ajaxData&quot;:{&quot;action&quot;:&quot;us_ajax_post_list&quot;,&quot;meta_type&quot;:&quot;post&quot;,&quot;object_id&quot;:0,&quot;template_vars&quot;:{&quot;shortcode_base&quot;:&quot;us_post_list&quot;,&quot;paged&quot;:1,&quot;max_num_pages&quot;:0,&quot;no_results&quot;:false,&quot;us_post_content_design_css&quot;:[],&quot;found_posts&quot;:0,&quot;per_page&quot;:4,&quot;items_count&quot;:4,&quot;orderby_random_seed&quot;:null,&quot;source&quot;:&quot;all&quot;,&quot;ids&quot;:&quot;&quot;,&quot;post_type&quot;:&quot;post&quot;,&quot;attachment_ids&quot;:null,&quot;include_post_thumbnail&quot;:0,&quot;post_author&quot;:&quot;any&quot;,&quot;post_author_ids&quot;:&quot;&quot;,&quot;apply_url_params&quot;:0,&quot;ignore_sticky_posts&quot;:1,&quot;exclude_children&quot;:0,&quot;exclude_current_post&quot;:1,&quot;exclude_prev_posts&quot;:0,&quot;exclude_past_events&quot;:0,&quot;enable_items_offset&quot;:0,&quot;items_offset&quot;:&quot;1&quot;,&quot;tax_query_relation&quot;:&quot;none&quot;,&quot;tax_query&quot;:[{&quot;operator&quot;:&quot;IN&quot;,&quot;taxonomy&quot;:&quot;category&quot;,&quot;terms&quot;:&quot;&quot;,&quot;include_children&quot;:0}],&quot;meta_query_relation&quot;:&quot;none&quot;,&quot;meta_query&quot;:[{&quot;key&quot;:&quot;custom_field_name&quot;,&quot;compare&quot;:&quot;=&quot;,&quot;value&quot;:&quot;&quot;}],&quot;orderby&quot;:&quot;date&quot;,&quot;orderby_custom_field&quot;:&quot;&quot;,&quot;orderby_custom_type&quot;:0,&quot;order_invert&quot;:0,&quot;show_all&quot;:0,&quot;quantity&quot;:&quot;4&quot;,&quot;posts_per_archive_page&quot;:0,&quot;no_items_action&quot;:&quot;message&quot;,&quot;no_items_message&quot;:&quot;No se han encontrado resultados.&quot;,&quot;no_items_page_block&quot;:&quot;&quot;,&quot;pagination&quot;:&quot;none&quot;,&quot;pagination_style&quot;:&quot;&quot;,&quot;pagination_btn_text&quot;:&quot;Cargar m\\u00e1s&quot;,&quot;pagination_btn_size&quot;:&quot;&quot;,&quot;pagination_btn_style&quot;:&quot;1&quot;,&quot;pagination_btn_fullwidth&quot;:0,&quot;items_layout&quot;:&quot;110&quot;,&quot;type&quot;:&quot;grid&quot;,&quot;items_valign&quot;:0,&quot;ignore_items_size&quot;:0,&quot;columns&quot;:&quot;4&quot;,&quot;items_gap&quot;:&quot;1.5rem&quot;,&quot;load_animation&quot;:&quot;none&quot;,&quot;items_preload_style&quot;:&quot;spinner&quot;,&quot;img_size&quot;:&quot;default&quot;,&quot;title_size&quot;:&quot;&quot;,&quot;items_ratio&quot;:&quot;default&quot;,&quot;items_ratio_width&quot;:&quot;21&quot;,&quot;items_ratio_height&quot;:&quot;9&quot;,&quot;overriding_link&quot;:&quot;%7B%22type%22%3A%22post%22%7D&quot;,&quot;popup_page_template&quot;:&quot;0&quot;,&quot;popup_width&quot;:&quot;&quot;,&quot;popup_arrows&quot;:1,&quot;breakpoint_1_width&quot;:&quot;1381px&quot;,&quot;breakpoint_1_cols&quot;:&quot;default&quot;,&quot;breakpoint_1_quantity&quot;:&quot;&quot;,&quot;breakpoint_1_gap&quot;:&quot;&quot;,&quot;breakpoint_2_width&quot;:&quot;1025px&quot;,&quot;breakpoint_2_cols&quot;:&quot;2&quot;,&quot;breakpoint_2_quantity&quot;:&quot;&quot;,&quot;breakpoint_2_gap&quot;:&quot;&quot;,&quot;breakpoint_3_width&quot;:&quot;601px&quot;,&quot;breakpoint_3_cols&quot;:&quot;1&quot;,&quot;breakpoint_3_quantity&quot;:&quot;&quot;,&quot;breakpoint_3_gap&quot;:&quot;&quot;,&quot;conditions_operator&quot;:&quot;always&quot;,&quot;conditions&quot;:[],&quot;css&quot;:null,&quot;el_class&quot;:&quot;&quot;,&quot;el_id&quot;:&quot;&quot;,&quot;enable_custom_html_atts&quot;:0,&quot;custom_html_atts&quot;:null,&quot;hide_on_states&quot;:&quot;&quot;,&quot;hide_for_sticky&quot;:0,&quot;hide_for_not_sticky&quot;:0,&quot;hide_below&quot;:&quot;0px&quot;,&quot;hide_above&quot;:&quot;0px&quot;,&quot;classes&quot;:&quot;&quot;},&quot;found_posts&quot;:0,&quot;per_page&quot;:4},&quot;facetedFilter&quot;:[]}'><\/div><\/div><div class=\"w-separator size_medium\"><\/div><div class=\"w-btn-wrapper align_none\"><a class=\"w-btn us-btn-style_3 icon_atright\" href=\"\/es\/actividades\/\"><span class=\"w-btn-label\">Todos los servicios<\/span><i class=\"fas fa-chevron-double-right\"><\/i><\/a><\/div><\/div><\/div><\/div><\/div><\/section><section class=\"l-section wpb_row us_custom_1da0e250 has_text_color height_medium full_height valign_center\"><div class=\"l-section-h i-cf\"><div class=\"g-cols vc_row via_grid cols_2 laptops-cols_inherit tablets-cols_inherit mobiles-cols_1 valign_top type_default reversed stacking_default\" style=\"--columns-gap:4rem;\"><div class=\"wpb_column vc_column_container\"><div class=\"vc_column-inner\"><div class=\"w-image has_ratio align_right\"><div class=\"w-image-h\"><div style=\"padding-bottom:100%\"><\/div><img decoding=\"async\" width=\"1024\" height=\"768\" src=\"https:\/\/ikermadoz.garapena.eus\/wp-content\/uploads\/2026\/03\/IMG_3764.jpg\" class=\"attachment-full size-full\" alt=\"\" loading=\"lazy\" \/><\/div><\/div><div class=\"w-separator size_small\"><\/div><div class=\"w-hwrapper valign_middle default_align_right laptops_align_right tablets_align_center mobiles_align_center\"><div class=\"w-image us_custom_f03ee871 align_right\"><a target=\"_blank\" href=\"https:\/\/ifmga.net\/\" aria-label=\"logo-UIAGM-neg\" class=\"w-image-h\"><img decoding=\"async\" width=\"150\" height=\"150\" src=\"https:\/\/ikermadoz.garapena.eus\/wp-content\/uploads\/2026\/03\/logo-UIAGM-neg-150x150.png\" class=\"attachment-thumbnail size-thumbnail\" alt=\"\" loading=\"lazy\" srcset=\"https:\/\/ikermadoz.garapena.eus\/wp-content\/uploads\/2026\/03\/logo-UIAGM-neg-150x150.png 150w, https:\/\/ikermadoz.garapena.eus\/wp-content\/uploads\/2026\/03\/logo-UIAGM-neg.png 300w\" sizes=\"auto, (max-width: 150px) 100vw, 150px\" \/><\/a><\/div><div class=\"w-image us_custom_f03ee871 align_right\"><a target=\"_blank\" href=\"https:\/\/www.aegm.org\/\" aria-label=\"Logo AEGM\" class=\"w-image-h\"><img decoding=\"async\" width=\"131\" height=\"150\" src=\"https:\/\/ikermadoz.garapena.eus\/wp-content\/uploads\/2026\/03\/Logo-AEGM.png\" class=\"attachment-full size-full\" alt=\"\" loading=\"lazy\" \/><\/a><\/div><\/div><\/div><\/div><div class=\"wpb_column vc_column_container\"><div class=\"vc_column-inner\"><div class=\"wpb_text_column us_custom_de667673 has_text_color\"><div class=\"wpb_wrapper\"><h3><span class=\"alpinismoa\">EL ALPINISMO,<\/span><br \/>\nUNA FORMA DE VIDA<\/h3>\n<\/div><\/div><div class=\"w-separator size_small\"><\/div><div class=\"wpb_text_column\"><div class=\"wpb_wrapper\"><p dir=\"ltr\" data-pm-slice=\"1 1 &#091;&#093;\">Nac\u00ed en Pamplona en 1993 y provengo de una familia monta\u00f1era con la que empec\u00e9 a conocer la monta\u00f1a desde muy peque\u00f1o.<\/p>\n<p dir=\"ltr\">El estilo austero, humilde y comprometido, junto al compa\u00f1erismo y el respeto, son maneras de entender la monta\u00f1a y valores que intento seguir.<\/p>\n<p dir=\"ltr\">Del Pirineo, a las caras norte de los Alpes y, despu\u00e9s, a las grandes monta\u00f1as del Himalaya.<\/p>\n<p dir=\"ltr\">Graduado en Ciencias de la Actividad F\u00edsica y el Deporte y habiendo hecho el M\u00e1ster Universitario en Formaci\u00f3n del Profesorado, me form\u00e9 como Gu\u00eda de Alta Monta\u00f1a UIAGM en la escuela Kirolene de Durango.<\/p>\n<p dir=\"ltr\">Es m\u00e1s que una manera de ganarme la vida, es una forma de vida.<\/p>\n<p dir=\"ltr\">A d\u00eda de hoy vivo en Etxauri, trabajo principalmente en Pirineos y Alpes y me gusta salir de lo conocido para guiar en actividades que nunca he estado. Aportando incertidumbre.<\/p>\n<p dir=\"ltr\">Adem\u00e1s, dirijo el Equipo Masculino de Alpinismo de la FEDME.<\/p>\n<\/div><\/div><div class=\"w-separator size_small\"><\/div><div class=\"w-btn-wrapper align_right\"><a class=\"w-btn us-btn-style_4 icon_atright\" href=\"\/es\/sobre-mi\/\"><span class=\"w-btn-label\">M\u00e1s informaci\u00f3n<\/span><i class=\"fas fa-chevron-double-right\"><\/i><\/a><\/div><\/div><\/div><\/div><\/div><\/section><section class=\"l-section wpb_row us_custom_33fe73d0 height_auto width_full\"><div class=\"l-section-h i-cf\"><div class=\"g-cols vc_row via_grid cols_1 laptops-cols_inherit tablets-cols_inherit mobiles-cols_1 valign_top type_default stacking_default\"><div class=\"wpb_column vc_column_container\"><div class=\"vc_column-inner\">[vc_raw_html css=\u00bb%7B%22default%22%3A%7B%22margin-top%22%3A%220px%22%2C%22margin-bottom%22%3A%220px%22%2C%22padding-top%22%3A%220px%22%2C%22padding-bottom%22%3A%220px%22%7D%7D\u00bb]JTVCaW5zdGFncmFtLWZlZWQlMjBmZWVkJTNEMSU1RA==[\/vc_raw_html]<\/div><\/div><\/div><\/div><\/section>\n","protected":false},"excerpt":{"rendered":"ACTIVIDADESEsqu\u00ed de traves\u00edaLa mejor, m\u00e1s eficaz y m\u00e1s r\u00e1pida manera de moverse por la monta\u00f1a en \u00e9poca invernal. Ya sea para hacer una jornada de esqu\u00ed o para utilizarlo como medio de transporte para despu\u00e9s escalar, es un lujo. Deslizarte sobre la nieve, dejarte llevar. Un punto de encuentro para los amantes de la libertad...","protected":false},"author":1,"featured_media":356,"parent":0,"menu_order":0,"comment_status":"closed","ping_status":"open","template":"","meta":{"footnotes":""},"class_list":["post-357","page","type-page","status-publish","has-post-thumbnail","hentry"],"_links":{"self":[{"href":"https:\/\/ikermadoz.garapena.eus\/es\/wp-json\/wp\/v2\/pages\/357","targetHints":{"allow":["GET"]}}],"collection":[{"href":"https:\/\/ikermadoz.garapena.eus\/es\/wp-json\/wp\/v2\/pages"}],"about":[{"href":"https:\/\/ikermadoz.garapena.eus\/es\/wp-json\/wp\/v2\/types\/page"}],"author":[{"embeddable":true,"href":"https:\/\/ikermadoz.garapena.eus\/es\/wp-json\/wp\/v2\/users\/1"}],"replies":[{"embeddable":true,"href":"https:\/\/ikermadoz.garapena.eus\/es\/wp-json\/wp\/v2\/comments?post=357"}],"version-history":[{"count":7,"href":"https:\/\/ikermadoz.garapena.eus\/es\/wp-json\/wp\/v2\/pages\/357\/revisions"}],"predecessor-version":[{"id":463,"href":"https:\/\/ikermadoz.garapena.eus\/es\/wp-json\/wp\/v2\/pages\/357\/revisions\/463"}],"wp:featuredmedia":[{"embeddable":true,"href":"https:\/\/ikermadoz.garapena.eus\/es\/wp-json\/wp\/v2\/media\/356"}],"wp:attachment":[{"href":"https:\/\/ikermadoz.garapena.eus\/es\/wp-json\/wp\/v2\/media?parent=357"}],"curies":[{"name":"wp","href":"https:\/\/api.w.org\/{rel}","templated":true}]}}