{"id":376,"date":"2026-03-11T09:31:10","date_gmt":"2026-03-11T08:31:10","guid":{"rendered":"https:\/\/ikermadoz.garapena.eus\/?page_id=376"},"modified":"2026-03-18T08:13:10","modified_gmt":"2026-03-18T07:13:10","slug":"actividades","status":"publish","type":"page","link":"https:\/\/ikermadoz.garapena.eus\/es\/actividades\/","title":{"rendered":"Actividades"},"content":{"rendered":"<section class=\"l-section wpb_row height_medium with_img\" id=\"zerbitzuak\"><div class=\"l-section-img\" role=\"img\" aria-label=\"Imagen\" data-img-width=\"2560\" data-img-height=\"1541\" style=\"background-image: url(https:\/\/ikermadoz.garapena.eus\/wp-content\/uploads\/2026\/03\/Enmascarar-grupo-19.png);background-position: bottom center;background-repeat: no-repeat;\"><\/div><div class=\"l-section-h i-cf\"><div class=\"g-cols vc_row via_grid cols_1 laptops-cols_inherit tablets-cols_inherit mobiles-cols_1 valign_top type_default stacking_default\"><div class=\"wpb_column vc_column_container\"><div class=\"vc_column-inner\"><h2 class=\"w-text us_custom_2e66a0d1 has_text_color\"><span class=\"w-text-h\"><span class=\"w-text-value\">ACTIVIDADES<\/span><\/span><\/h2><div class=\"w-separator size_small\"><\/div><div class=\"g-cols wpb_row via_grid cols_3-1 laptops-cols_inherit tablets-cols_inherit mobiles-cols_1 valign_top type_default stacking_default\" style=\"--columns-gap:3rem;\"><div class=\"wpb_column vc_column_container\"><div class=\"vc_column-inner\"><div class=\"wpb_text_column\"><div class=\"wpb_wrapper\"><p dir=\"ltr\" data-pm-slice=\"1 1 &#091;&#093;\">En este apartado encontrar\u00e9is todas las actividades y servicios que ofrezco, al igual que la posibilidad de preguntar por experiencias que no est\u00e9n nombradas. Siempre he pensado que lo mejor de practicar este deporte es que lo puedes hacer a cualquier nivel. Dependiendo de lo que busques, la edad que tengas, la condici\u00f3n f\u00edsica, el estado, etc. puedes disfrutar tanto o m\u00e1s de la monta\u00f1a que el mejor escalador del mundo. De hecho, siempre me da envidia ver c\u00f3mo disfrutan las personas que se est\u00e1n iniciando. Por ejemplo, verles emocionadas por ponerse unos crampones por primera vez y dar sus primeros pasos, torpes e inseguros, casi como cuando eran peque\u00f1os. Es muy bonito acompa\u00f1ar a la gente en su aprendizaje.<\/p>\n<\/div><\/div><\/div><\/div><div class=\"wpb_column vc_column_container\"><div class=\"vc_column-inner\"><\/div><\/div><\/div><div class=\"w-separator size_medium\"><\/div><div class=\"w-grid us_post_list type_grid layout_110 cols_4 overflow_hidden preload_style_spinner\" id=\"us_post_list_ob90\" style=\"--columns:4;--gap:1.5rem;\"><style>@media (max-width:1024px){#us_post_list_ob90{--columns:2!important}}@media (max-width:600px){#us_post_list_ob90{--columns:1!important}}.layout_110 .w-grid-item-h{border-radius:0rem;box-shadow:0 0rem 0rem rgba(0,0,0,0.1),0 0rem 0rem rgba(0,0,0,0.1);transition-duration:0.3s}.no-touch .layout_110 .w-grid-item-h:hover{box-shadow:0 0.14rem 0.28rem rgba(0,0,0,0.1),0 0.47rem 1.4rem rgba(0,0,0,0.15);z-index:4}.layout_110 .usg_post_image_1{transition-duration:0.3s;transform-origin:50% 50%;transform:scale(1) translate(0%,0%)}.layout_110 .w-grid-item-h:focus-within .usg_post_image_1,.layout_110 .w-grid-item-h:hover .usg_post_image_1{transform:scale(1.15) translate(0%,0%);opacity:1}.layout_110 .usg_post_title_1{transition-duration:0.3s;transform-origin:50% 50%;transform:scale(1) translate(0%,0%)}.layout_110 .w-grid-item-h:focus-within .usg_post_title_1,.layout_110 .w-grid-item-h:hover .usg_post_title_1{transform:scale(1) translate(0%,0%);opacity:1;color:#AFD7E2!important}.layout_110 .usg_vwrapper_1{min-height:292px!important;position:absolute!important;left:0!important;bottom:0!important;right:0!important;background:url(https:\/\/ikermadoz.garapena.eus\/wp-content\/uploads\/2026\/03\/Enmascarar-grupo-6.png) no-repeat bottom center \/ cover!important;padding:15% 7% 12% 7%!important}.layout_110 .usg_post_title_1{color:#fff!important;font-size:1.8rem!important;line-height:1.6rem!important;text-transform:uppercase!important;font-style:italic!important;margin-bottom:0!important}<\/style><div class=\"w-grid-list\">\t<article class=\"w-grid-item size_1x1 post-393 post type-post status-publish format-standard has-post-thumbnail hentry category-actividades\" data-id=\"393\">\r\n\t\t<div class=\"w-grid-item-h\">\r\n\t\t\t\t\t\t\t<a href=\"https:\/\/ikermadoz.garapena.eus\/es\/actividades\/alpinismo\/\" class=\"w-grid-item-anchor\" aria-label=\"Alpinismo\"><\/a>\r\n\t\t\t\t\t\t<div class=\"w-post-elm post_image usg_post_image_1 stretched\"><img loading=\"lazy\" decoding=\"async\" width=\"250\" height=\"461\" src=\"https:\/\/ikermadoz.garapena.eus\/wp-content\/uploads\/2025\/12\/Grupo-394.png\" class=\"attachment-us_250_461_crop size-us_250_461_crop wp-post-image\" alt=\"\" srcset=\"https:\/\/ikermadoz.garapena.eus\/wp-content\/uploads\/2025\/12\/Grupo-394.png 250w, https:\/\/ikermadoz.garapena.eus\/wp-content\/uploads\/2025\/12\/Grupo-394-163x300.png 163w\" sizes=\"auto, (max-width: 250px) 100vw, 250px\" \/><\/div><div class=\"w-vwrapper usg_vwrapper_1 align_none valign_bottom\" style=\"--vwrapper-gap:0rem\"><h3 class=\"w-post-elm post_title usg_post_title_1 hide_if_not_first has_text_color entry-title color_link_inherit\">Alpinismo<\/h3><\/div>\t\t<\/div>\r\n\t\t\t<\/article>\r\n\t<article class=\"w-grid-item size_1x1 post-400 post type-post status-publish format-standard has-post-thumbnail hentry category-actividades\" data-id=\"400\">\r\n\t\t<div class=\"w-grid-item-h\">\r\n\t\t\t\t\t\t\t<a href=\"https:\/\/ikermadoz.garapena.eus\/es\/actividades\/escalada-en-roca-y-aristas\/\" class=\"w-grid-item-anchor\" aria-label=\"Escalada en roca y aristas\"><\/a>\r\n\t\t\t\t\t\t<div class=\"w-post-elm post_image usg_post_image_1 stretched\"><img loading=\"lazy\" decoding=\"async\" width=\"250\" height=\"461\" src=\"https:\/\/ikermadoz.garapena.eus\/wp-content\/uploads\/2026\/03\/IMG_3281.png\" class=\"attachment-us_250_461_crop size-us_250_461_crop wp-post-image\" alt=\"\" srcset=\"https:\/\/ikermadoz.garapena.eus\/wp-content\/uploads\/2026\/03\/IMG_3281.png 250w, https:\/\/ikermadoz.garapena.eus\/wp-content\/uploads\/2026\/03\/IMG_3281-163x300.png 163w\" sizes=\"auto, (max-width: 250px) 100vw, 250px\" \/><\/div><div class=\"w-vwrapper usg_vwrapper_1 align_none valign_bottom\" style=\"--vwrapper-gap:0rem\"><h3 class=\"w-post-elm post_title usg_post_title_1 hide_if_not_first has_text_color entry-title color_link_inherit\">Escalada en roca y aristas<\/h3><\/div>\t\t<\/div>\r\n\t\t\t<\/article>\r\n\t<article class=\"w-grid-item size_1x1 post-406 post type-post status-publish format-standard has-post-thumbnail hentry category-actividades\" data-id=\"406\">\r\n\t\t<div class=\"w-grid-item-h\">\r\n\t\t\t\t\t\t\t<a href=\"https:\/\/ikermadoz.garapena.eus\/es\/actividades\/escalada-en-hielo-y-mixto\/\" class=\"w-grid-item-anchor\" aria-label=\"Escalada en hielo y mixto\"><\/a>\r\n\t\t\t\t\t\t<div class=\"w-post-elm post_image usg_post_image_1 stretched\"><img loading=\"lazy\" decoding=\"async\" width=\"250\" height=\"461\" src=\"https:\/\/ikermadoz.garapena.eus\/wp-content\/uploads\/2026\/03\/IMG_5943-2.png\" class=\"attachment-us_250_461_crop size-us_250_461_crop wp-post-image\" alt=\"\" srcset=\"https:\/\/ikermadoz.garapena.eus\/wp-content\/uploads\/2026\/03\/IMG_5943-2.png 250w, https:\/\/ikermadoz.garapena.eus\/wp-content\/uploads\/2026\/03\/IMG_5943-2-163x300.png 163w\" sizes=\"auto, (max-width: 250px) 100vw, 250px\" \/><\/div><div class=\"w-vwrapper usg_vwrapper_1 align_none valign_bottom\" style=\"--vwrapper-gap:0rem\"><h3 class=\"w-post-elm post_title usg_post_title_1 hide_if_not_first has_text_color entry-title color_link_inherit\">Escalada en hielo y mixto<\/h3><\/div>\t\t<\/div>\r\n\t\t\t<\/article>\r\n\t<article class=\"w-grid-item size_1x1 post-415 post type-post status-publish format-standard has-post-thumbnail hentry category-actividades\" data-id=\"415\">\r\n\t\t<div class=\"w-grid-item-h\">\r\n\t\t\t\t\t\t\t<a href=\"https:\/\/ikermadoz.garapena.eus\/es\/actividades\/esqui-de-travesia\/\" class=\"w-grid-item-anchor\" aria-label=\"Esqu\u00ed de traves\u00eda\"><\/a>\r\n\t\t\t\t\t\t<div class=\"w-post-elm post_image usg_post_image_1 stretched\"><img loading=\"lazy\" decoding=\"async\" width=\"250\" height=\"461\" src=\"https:\/\/ikermadoz.garapena.eus\/wp-content\/uploads\/2026\/03\/IMG_5946.png\" class=\"attachment-us_250_461_crop size-us_250_461_crop wp-post-image\" alt=\"\" srcset=\"https:\/\/ikermadoz.garapena.eus\/wp-content\/uploads\/2026\/03\/IMG_5946.png 250w, https:\/\/ikermadoz.garapena.eus\/wp-content\/uploads\/2026\/03\/IMG_5946-163x300.png 163w\" sizes=\"auto, (max-width: 250px) 100vw, 250px\" \/><\/div><div class=\"w-vwrapper usg_vwrapper_1 align_none valign_bottom\" style=\"--vwrapper-gap:0rem\"><h3 class=\"w-post-elm post_title usg_post_title_1 hide_if_not_first has_text_color entry-title color_link_inherit\">Esqu\u00ed de traves\u00eda<\/h3><\/div>\t\t<\/div>\r\n\t\t\t<\/article>\r\n\t<article class=\"w-grid-item size_1x1 post-420 post type-post status-publish format-standard has-post-thumbnail hentry category-actividades\" data-id=\"420\">\r\n\t\t<div class=\"w-grid-item-h\">\r\n\t\t\t\t\t\t\t<a href=\"https:\/\/ikermadoz.garapena.eus\/es\/actividades\/viajes-y-expediciones\/\" class=\"w-grid-item-anchor\" aria-label=\"Viajes y expediciones\"><\/a>\r\n\t\t\t\t\t\t<div class=\"w-post-elm post_image usg_post_image_1 stretched\"><img loading=\"lazy\" decoding=\"async\" width=\"250\" height=\"461\" src=\"https:\/\/ikermadoz.garapena.eus\/wp-content\/uploads\/2026\/03\/DSC02204.png\" class=\"attachment-us_250_461_crop size-us_250_461_crop wp-post-image\" alt=\"\" srcset=\"https:\/\/ikermadoz.garapena.eus\/wp-content\/uploads\/2026\/03\/DSC02204.png 250w, https:\/\/ikermadoz.garapena.eus\/wp-content\/uploads\/2026\/03\/DSC02204-163x300.png 163w\" sizes=\"auto, (max-width: 250px) 100vw, 250px\" \/><\/div><div class=\"w-vwrapper usg_vwrapper_1 align_none valign_bottom\" style=\"--vwrapper-gap:0rem\"><h3 class=\"w-post-elm post_title usg_post_title_1 hide_if_not_first has_text_color entry-title color_link_inherit\">Viajes y expediciones<\/h3><\/div>\t\t<\/div>\r\n\t\t\t<\/article>\r\n\t<article class=\"w-grid-item size_1x1 post-426 post type-post status-publish format-standard has-post-thumbnail hentry category-actividades\" data-id=\"426\">\r\n\t\t<div class=\"w-grid-item-h\">\r\n\t\t\t\t\t\t\t<a href=\"https:\/\/ikermadoz.garapena.eus\/es\/actividades\/experiencias-personalizadas\/\" class=\"w-grid-item-anchor\" aria-label=\"Experiencias personalizadas\"><\/a>\r\n\t\t\t\t\t\t<div class=\"w-post-elm post_image usg_post_image_1 stretched\"><img loading=\"lazy\" decoding=\"async\" width=\"250\" height=\"461\" src=\"https:\/\/ikermadoz.garapena.eus\/wp-content\/uploads\/2026\/03\/IMG_3319.png\" class=\"attachment-us_250_461_crop size-us_250_461_crop wp-post-image\" alt=\"\" srcset=\"https:\/\/ikermadoz.garapena.eus\/wp-content\/uploads\/2026\/03\/IMG_3319.png 250w, https:\/\/ikermadoz.garapena.eus\/wp-content\/uploads\/2026\/03\/IMG_3319-163x300.png 163w\" sizes=\"auto, (max-width: 250px) 100vw, 250px\" \/><\/div><div class=\"w-vwrapper usg_vwrapper_1 align_none valign_bottom\" style=\"--vwrapper-gap:0rem\"><h3 class=\"w-post-elm post_title usg_post_title_1 hide_if_not_first has_text_color entry-title color_link_inherit\">Experiencias personalizadas<\/h3><\/div>\t\t<\/div>\r\n\t\t\t<\/article>\r\n\t<article class=\"w-grid-item size_1x1 post-431 post type-post status-publish format-standard has-post-thumbnail hentry category-actividades\" data-id=\"431\">\r\n\t\t<div class=\"w-grid-item-h\">\r\n\t\t\t\t\t\t\t<a href=\"https:\/\/ikermadoz.garapena.eus\/es\/actividades\/proyecciones\/\" class=\"w-grid-item-anchor\" aria-label=\"Proyecciones\"><\/a>\r\n\t\t\t\t\t\t<div class=\"w-post-elm post_image usg_post_image_1 stretched\"><img loading=\"lazy\" decoding=\"async\" width=\"250\" height=\"461\" src=\"https:\/\/ikermadoz.garapena.eus\/wp-content\/uploads\/2026\/03\/IMG_4555.png\" class=\"attachment-us_250_461_crop size-us_250_461_crop wp-post-image\" alt=\"\" srcset=\"https:\/\/ikermadoz.garapena.eus\/wp-content\/uploads\/2026\/03\/IMG_4555.png 250w, https:\/\/ikermadoz.garapena.eus\/wp-content\/uploads\/2026\/03\/IMG_4555-163x300.png 163w\" sizes=\"auto, (max-width: 250px) 100vw, 250px\" \/><\/div><div class=\"w-vwrapper usg_vwrapper_1 align_none valign_bottom\" style=\"--vwrapper-gap:0rem\"><h3 class=\"w-post-elm post_title usg_post_title_1 hide_if_not_first has_text_color entry-title color_link_inherit\">Proyecciones<\/h3><\/div>\t\t<\/div>\r\n\t\t\t<\/article>\r\n\t<article class=\"w-grid-item size_1x1 post-437 post type-post status-publish format-standard has-post-thumbnail hentry category-actividades\" data-id=\"437\">\r\n\t\t<div class=\"w-grid-item-h\">\r\n\t\t\t\t\t\t\t<a href=\"https:\/\/ikermadoz.garapena.eus\/es\/actividades\/cursos\/\" class=\"w-grid-item-anchor\" aria-label=\"Cursos\"><\/a>\r\n\t\t\t\t\t\t<div class=\"w-post-elm post_image usg_post_image_1 stretched\"><img loading=\"lazy\" decoding=\"async\" width=\"250\" height=\"461\" src=\"https:\/\/ikermadoz.garapena.eus\/wp-content\/uploads\/2026\/03\/IMG_0567.png\" class=\"attachment-us_250_461_crop size-us_250_461_crop wp-post-image\" alt=\"\" srcset=\"https:\/\/ikermadoz.garapena.eus\/wp-content\/uploads\/2026\/03\/IMG_0567.png 250w, https:\/\/ikermadoz.garapena.eus\/wp-content\/uploads\/2026\/03\/IMG_0567-163x300.png 163w\" sizes=\"auto, (max-width: 250px) 100vw, 250px\" \/><\/div><div class=\"w-vwrapper usg_vwrapper_1 align_none valign_bottom\" style=\"--vwrapper-gap:0rem\"><h3 class=\"w-post-elm post_title usg_post_title_1 hide_if_not_first has_text_color entry-title color_link_inherit\">Cursos<\/h3><\/div>\t\t<\/div>\r\n\t\t\t<\/article>\r\n<\/div><div class=\"g-loadmore hidden\"><div class=\"g-preloader type_1\"><div><\/div><\/div><\/div><div class=\"w-grid-list-json hidden\" onclick='return {&quot;max_num_pages&quot;:0,&quot;paginationBase&quot;:&quot;page&quot;,&quot;pagination&quot;:&quot;none&quot;,&quot;paged&quot;:1,&quot;ajaxData&quot;:{&quot;action&quot;:&quot;us_ajax_post_list&quot;,&quot;meta_type&quot;:&quot;post&quot;,&quot;object_id&quot;:0,&quot;template_vars&quot;:{&quot;shortcode_base&quot;:&quot;us_post_list&quot;,&quot;paged&quot;:1,&quot;max_num_pages&quot;:0,&quot;no_results&quot;:false,&quot;us_post_content_design_css&quot;:[],&quot;found_posts&quot;:0,&quot;per_page&quot;:12,&quot;items_count&quot;:8,&quot;orderby_random_seed&quot;:null,&quot;source&quot;:&quot;all&quot;,&quot;ids&quot;:&quot;&quot;,&quot;post_type&quot;:&quot;post&quot;,&quot;attachment_ids&quot;:null,&quot;include_post_thumbnail&quot;:0,&quot;post_author&quot;:&quot;any&quot;,&quot;post_author_ids&quot;:&quot;&quot;,&quot;apply_url_params&quot;:0,&quot;ignore_sticky_posts&quot;:1,&quot;exclude_children&quot;:0,&quot;exclude_current_post&quot;:1,&quot;exclude_prev_posts&quot;:0,&quot;exclude_past_events&quot;:0,&quot;enable_items_offset&quot;:0,&quot;items_offset&quot;:&quot;1&quot;,&quot;tax_query_relation&quot;:&quot;none&quot;,&quot;tax_query&quot;:[{&quot;operator&quot;:&quot;IN&quot;,&quot;taxonomy&quot;:&quot;category&quot;,&quot;terms&quot;:&quot;&quot;,&quot;include_children&quot;:0}],&quot;meta_query_relation&quot;:&quot;none&quot;,&quot;meta_query&quot;:[{&quot;key&quot;:&quot;custom_field_name&quot;,&quot;compare&quot;:&quot;=&quot;,&quot;value&quot;:&quot;&quot;}],&quot;orderby&quot;:&quot;date&quot;,&quot;orderby_custom_field&quot;:&quot;&quot;,&quot;orderby_custom_type&quot;:0,&quot;order_invert&quot;:0,&quot;show_all&quot;:0,&quot;quantity&quot;:&quot;12&quot;,&quot;posts_per_archive_page&quot;:0,&quot;no_items_action&quot;:&quot;message&quot;,&quot;no_items_message&quot;:&quot;No se han encontrado resultados.&quot;,&quot;no_items_page_block&quot;:&quot;&quot;,&quot;pagination&quot;:&quot;none&quot;,&quot;pagination_style&quot;:&quot;&quot;,&quot;pagination_btn_text&quot;:&quot;Cargar m\\u00e1s&quot;,&quot;pagination_btn_size&quot;:&quot;&quot;,&quot;pagination_btn_style&quot;:&quot;1&quot;,&quot;pagination_btn_fullwidth&quot;:0,&quot;items_layout&quot;:&quot;110&quot;,&quot;type&quot;:&quot;grid&quot;,&quot;items_valign&quot;:0,&quot;ignore_items_size&quot;:0,&quot;columns&quot;:&quot;4&quot;,&quot;items_gap&quot;:&quot;1.5rem&quot;,&quot;load_animation&quot;:&quot;none&quot;,&quot;items_preload_style&quot;:&quot;spinner&quot;,&quot;img_size&quot;:&quot;default&quot;,&quot;title_size&quot;:&quot;&quot;,&quot;items_ratio&quot;:&quot;default&quot;,&quot;items_ratio_width&quot;:&quot;21&quot;,&quot;items_ratio_height&quot;:&quot;9&quot;,&quot;overriding_link&quot;:&quot;%7B%22type%22%3A%22post%22%7D&quot;,&quot;popup_page_template&quot;:&quot;0&quot;,&quot;popup_width&quot;:&quot;&quot;,&quot;popup_arrows&quot;:1,&quot;breakpoint_1_width&quot;:&quot;1381px&quot;,&quot;breakpoint_1_cols&quot;:&quot;default&quot;,&quot;breakpoint_1_quantity&quot;:&quot;&quot;,&quot;breakpoint_1_gap&quot;:&quot;&quot;,&quot;breakpoint_2_width&quot;:&quot;1025px&quot;,&quot;breakpoint_2_cols&quot;:&quot;2&quot;,&quot;breakpoint_2_quantity&quot;:&quot;&quot;,&quot;breakpoint_2_gap&quot;:&quot;&quot;,&quot;breakpoint_3_width&quot;:&quot;601px&quot;,&quot;breakpoint_3_cols&quot;:&quot;1&quot;,&quot;breakpoint_3_quantity&quot;:&quot;&quot;,&quot;breakpoint_3_gap&quot;:&quot;&quot;,&quot;conditions_operator&quot;:&quot;always&quot;,&quot;conditions&quot;:[],&quot;css&quot;:null,&quot;el_class&quot;:&quot;&quot;,&quot;el_id&quot;:&quot;&quot;,&quot;enable_custom_html_atts&quot;:0,&quot;custom_html_atts&quot;:null,&quot;hide_on_states&quot;:&quot;&quot;,&quot;hide_for_sticky&quot;:0,&quot;hide_for_not_sticky&quot;:0,&quot;hide_below&quot;:&quot;0px&quot;,&quot;hide_above&quot;:&quot;0px&quot;,&quot;classes&quot;:&quot;&quot;},&quot;found_posts&quot;:0,&quot;per_page&quot;:12},&quot;facetedFilter&quot;:[]}'><\/div><\/div><\/div><\/div><\/div><\/div><\/section>\n","protected":false},"excerpt":{"rendered":"ACTIVIDADESCursosOfrezco formaciones para las personas que quieran adquirir conocimiento t\u00e9cnico y\/o mejorar su conocimiento en alguna disciplina. Enfocado en el aprendizaje, el buen uso del material y el saber interpretar el entorno y sus limitaciones. Son cursos te\u00f3rico pr\u00e1cticos, muy de la mano con la monta\u00f1a, donde podremos aplicar in situ todos los conocimientos adquiridos....","protected":false},"author":1,"featured_media":0,"parent":0,"menu_order":0,"comment_status":"closed","ping_status":"closed","template":"","meta":{"footnotes":""},"class_list":["post-376","page","type-page","status-publish","hentry"],"_links":{"self":[{"href":"https:\/\/ikermadoz.garapena.eus\/es\/wp-json\/wp\/v2\/pages\/376","targetHints":{"allow":["GET"]}}],"collection":[{"href":"https:\/\/ikermadoz.garapena.eus\/es\/wp-json\/wp\/v2\/pages"}],"about":[{"href":"https:\/\/ikermadoz.garapena.eus\/es\/wp-json\/wp\/v2\/types\/page"}],"author":[{"embeddable":true,"href":"https:\/\/ikermadoz.garapena.eus\/es\/wp-json\/wp\/v2\/users\/1"}],"replies":[{"embeddable":true,"href":"https:\/\/ikermadoz.garapena.eus\/es\/wp-json\/wp\/v2\/comments?post=376"}],"version-history":[{"count":2,"href":"https:\/\/ikermadoz.garapena.eus\/es\/wp-json\/wp\/v2\/pages\/376\/revisions"}],"predecessor-version":[{"id":378,"href":"https:\/\/ikermadoz.garapena.eus\/es\/wp-json\/wp\/v2\/pages\/376\/revisions\/378"}],"wp:attachment":[{"href":"https:\/\/ikermadoz.garapena.eus\/es\/wp-json\/wp\/v2\/media?parent=376"}],"curies":[{"name":"wp","href":"https:\/\/api.w.org\/{rel}","templated":true}]}}