{"id":381,"date":"2026-03-11T09:31:23","date_gmt":"2026-03-11T08:31:23","guid":{"rendered":"https:\/\/ikermadoz.garapena.eus\/?page_id=381"},"modified":"2026-03-18T08:18:40","modified_gmt":"2026-03-18T07:18:40","slug":"sobre-mi","status":"publish","type":"page","link":"https:\/\/ikermadoz.garapena.eus\/es\/sobre-mi\/","title":{"rendered":"Sobre m\u00ed"},"content":{"rendered":"<section class=\"l-section wpb_row height_medium\"><div class=\"l-section-h i-cf\"><div class=\"g-cols vc_row via_grid cols_1 laptops-cols_inherit tablets-cols_inherit mobiles-cols_1 valign_top type_default stacking_default\"><div class=\"wpb_column vc_column_container\"><div class=\"vc_column-inner\"><div class=\"g-cols wpb_row via_grid cols_2 laptops-cols_inherit tablets-cols_inherit mobiles-cols_1 valign_top type_default stacking_default\" style=\"--columns-gap:4rem;\"><div class=\"wpb_column vc_column_container\"><div class=\"vc_column-inner\"><div class=\"wpb_text_column\"><div class=\"wpb_wrapper\"><p dir=\"ltr\" data-pm-slice=\"1 1 &#091;&#093;\">Naci\u0301 en Pamplona en el verano de 1993.<\/p>\n<p dir=\"ltr\">Provengo de una familia montan\u0303era con la que empece\u0301 a conocer la montan\u0303a desde muy pequen\u0303o. Actividades de todo tipo en el medio natural acabaron dando sus frutos y con alrededor de 12 an\u0303os empece\u0301 con mi padre a escalar. E\u0301l, alpinista y montan\u0303ero de toda la vida, me llevaba cuando vei\u0301a que le insisti\u0301a y poni\u0301a gran intere\u0301s.<\/p>\n<p dir=\"ltr\">Asi\u0301, con el tiempo, fui expandiendo mis horizontes monta\u00f1eros pasando de la escalada deportiva en Etxauri a la escalada en pared de vi\u0301as de varios largos, al esqui\u0301 de montan\u0303a, a la escalada en hielo y, por u\u0301ltimo, al alpinismo. Todo ello en el Pirineo. Al igual, en el entorno humano, pas\u00e9 a conocer a gente cercana con la que vivir aventuras monta\u00f1eras y con la que seguir evolucionando.<\/p>\n<p dir=\"ltr\">Es en ese momento cuando me empec\u00e9 a centrar m\u00e1s y m\u00e1s en la monta\u00f1a. Entre los amigos, Mikel Zabalza y Unai Mendia fueron y siguen siendo referencia. Me transmitieron su amor por el entorno y el enfoque del que parten a la hora de hacer actividad: un estilo austero, humilde y comprometido. Una manera de entender la monta\u00f1a que desde siempre me ha gustado e intento que sea el eje. Junto a valores tan simples, pero relevantes, como el compa\u00f1erismo y el respeto.<\/p>\n<p dir=\"ltr\">Fueron pasando los a\u00f1os y el terreno de aventura se fue ampliando: primero a viajes r\u00e1pidos de menos de una semana a los Alpes para escalar las m\u00edticas caras norte de las Grandes Jorasses, Eiger, Cervino, Aiguille Verte, etc. y despu\u00e9s a los grandes viajes a Per\u00fa, Nepal, India, Pakist\u00e1n y Alaska.<\/p>\n<p dir=\"ltr\">Al mismo tiempo, a nivel acad\u00e9mico, me decant\u00e9 por los deportes y pas\u00e9 cuatro a\u00f1os estudiando en Huesca el Grado de Ciencias de la Actividad F\u00edsica y el Deporte. Estando en Huesca, a las puertas del Pirineo, no solo termin\u00e9 una carrera, sino que tambi\u00e9n aprovech\u00e9 para escalar todo lo posible, buscando siempre el l\u00edmite de la evaluaci\u00f3n continua en los estudios. Y as\u00ed, seg\u00fan termin\u00e9 la carrera, vi que me quer\u00eda dedicar a ella no solamente a nivel deportivo sino que tambi\u00e9n a nivel profesional. Y pas\u00e9 a estudiar en la escuela Kirolene de Durango la Formaci\u00f3n Profesional de Grado Medio y despu\u00e9s Superior de Gu\u00eda de Alta Monta\u00f1a.<\/p>\n<\/div><\/div><\/div><\/div><div class=\"wpb_column vc_column_container\"><div class=\"vc_column-inner\"><div class=\"w-image align_none\"><div class=\"w-image-h\"><img decoding=\"async\" width=\"1920\" height=\"2560\" src=\"https:\/\/ikermadoz.garapena.eus\/wp-content\/uploads\/2026\/03\/IMG_6709-scaled.jpg\" class=\"attachment-full size-full\" alt=\"\" loading=\"lazy\" srcset=\"https:\/\/ikermadoz.garapena.eus\/wp-content\/uploads\/2026\/03\/IMG_6709-scaled.jpg 1920w, https:\/\/ikermadoz.garapena.eus\/wp-content\/uploads\/2026\/03\/IMG_6709-225x300.jpg 225w, https:\/\/ikermadoz.garapena.eus\/wp-content\/uploads\/2026\/03\/IMG_6709-768x1024.jpg 768w\" sizes=\"auto, (max-width: 1920px) 100vw, 1920px\" \/><\/div><\/div><div class=\"w-separator size_medium\"><\/div><div class=\"w-hwrapper valign_middle default_align_right laptops_align_right tablets_align_center mobiles_align_center\"><div class=\"w-image us_custom_f03ee871 align_right\"><a target=\"_blank\" href=\"https:\/\/ifmga.net\/\" aria-label=\"Logo UIAGM\" class=\"w-image-h\"><img decoding=\"async\" width=\"150\" height=\"150\" src=\"https:\/\/ikermadoz.garapena.eus\/wp-content\/uploads\/2026\/03\/Logo-UIAGM-150x150.png\" class=\"attachment-thumbnail size-thumbnail\" alt=\"\" loading=\"lazy\" srcset=\"https:\/\/ikermadoz.garapena.eus\/wp-content\/uploads\/2026\/03\/Logo-UIAGM-150x150.png 150w, https:\/\/ikermadoz.garapena.eus\/wp-content\/uploads\/2026\/03\/Logo-UIAGM.png 225w\" sizes=\"auto, (max-width: 150px) 100vw, 150px\" \/><\/a><\/div><div class=\"w-image us_custom_f03ee871 align_right\"><a target=\"_blank\" href=\"https:\/\/www.aegm.org\/\" aria-label=\"Logo AEGM\" class=\"w-image-h\"><img decoding=\"async\" width=\"131\" height=\"150\" src=\"https:\/\/ikermadoz.garapena.eus\/wp-content\/uploads\/2026\/03\/Logo-AEGM.png\" class=\"attachment-full size-full\" alt=\"\" loading=\"lazy\" \/><\/a><\/div><\/div><\/div><\/div><\/div><div class=\"w-separator size_large\"><\/div><div class=\"g-cols wpb_row via_grid cols_2 laptops-cols_inherit tablets-cols_inherit mobiles-cols_1 valign_top type_default reversed stacking_default\" style=\"--columns-gap:4rem;\"><div class=\"wpb_column vc_column_container\"><div class=\"vc_column-inner\"><div class=\"w-image align_none\"><div class=\"w-image-h\"><img decoding=\"async\" width=\"1440\" height=\"1080\" src=\"https:\/\/ikermadoz.garapena.eus\/wp-content\/uploads\/2026\/03\/IMG-20191208-WA0032.jpg\" class=\"attachment-full size-full\" alt=\"\" loading=\"lazy\" srcset=\"https:\/\/ikermadoz.garapena.eus\/wp-content\/uploads\/2026\/03\/IMG-20191208-WA0032.jpg 1440w, https:\/\/ikermadoz.garapena.eus\/wp-content\/uploads\/2026\/03\/IMG-20191208-WA0032-300x225.jpg 300w, https:\/\/ikermadoz.garapena.eus\/wp-content\/uploads\/2026\/03\/IMG-20191208-WA0032-1024x768.jpg 1024w\" sizes=\"auto, (max-width: 1440px) 100vw, 1440px\" \/><\/div><\/div><div class=\"w-separator size_medium\"><\/div><div class=\"w-image align_none\"><div class=\"w-image-h\"><img decoding=\"async\" width=\"1600\" height=\"1200\" src=\"https:\/\/ikermadoz.garapena.eus\/wp-content\/uploads\/2026\/03\/e507b8d0-c155-44f5-ae1b-bc8e84ba7e47.jpg\" class=\"attachment-full size-full\" alt=\"\" loading=\"lazy\" srcset=\"https:\/\/ikermadoz.garapena.eus\/wp-content\/uploads\/2026\/03\/e507b8d0-c155-44f5-ae1b-bc8e84ba7e47.jpg 1600w, https:\/\/ikermadoz.garapena.eus\/wp-content\/uploads\/2026\/03\/e507b8d0-c155-44f5-ae1b-bc8e84ba7e47-300x225.jpg 300w, https:\/\/ikermadoz.garapena.eus\/wp-content\/uploads\/2026\/03\/e507b8d0-c155-44f5-ae1b-bc8e84ba7e47-1024x768.jpg 1024w\" sizes=\"auto, (max-width: 1600px) 100vw, 1600px\" \/><\/div><\/div><\/div><\/div><div class=\"wpb_column vc_column_container\"><div class=\"vc_column-inner\"><div class=\"wpb_text_column\"><div class=\"wpb_wrapper\"><p dir=\"ltr\" data-pm-slice=\"1 1 &#091;&#093;\">As\u00ed, fue en 2022 que termin\u00e9 los estudios de Gu\u00eda de Alta Monta\u00f1a UIAGM. Y desde entonces me dedico exclusivamente a trabajar como aut\u00f3nomo realizando todo tipo de actividades que engloban este oficio. Una vida n\u00f3mada, pasando mucho tiempo en los Alpes y conociendo partes del mundo tan lejanas como la Ant\u00e1rtida; a donde nunca podr\u00eda haber ido si no fuera por las opciones que te da trabajar de gu\u00eda.<\/p>\n<p dir=\"ltr\">Para m\u00ed, es m\u00e1s que una manera de ganarme la vida, es una forma de vida. Paso mucho tiempo con clientes y clientas en la monta\u00f1a, y me encanta. Simplemente lo paso bien. Evidentemente, como todo el mundo, tengo d\u00edas; pero en general aprendo tanto yo de ellos y ellas como viceversa. No solo les llevo y traigo, sino que intento inculcarles la manera de ver la monta\u00f1a, lo que s\u00e9 de ella y como la vivo.<\/p>\n<p dir=\"ltr\">Y es por ello que en el 2023 hice el M\u00e1ster Universitario en Formaci\u00f3n del Profesorado, para adquirir m\u00e1s herramientas con las que mejorar la ense\u00f1anza de las diferentes disciplinas.<\/p>\n<p dir=\"ltr\">Unido a ello, y al rendimiento deportivo, el alpinismo y la dedicaci\u00f3n, en 2025 tuve la gran oportunidad de relevar a Mikel Zabalza en la direcci\u00f3n del Equipo Masculino de Alpinismo de la Federaci\u00f3n Espa\u00f1ola de Deportes de Monta\u00f1a y Escalada. Un puesto con el que estoy muy motivado de dar lo mejor de m\u00ed para hacer que los j\u00f3venes que entran al equipo adquieran en el transcurso de los tres a\u00f1os que pasar\u00e1n como integrantes cuanta m\u00e1s y mejor experiencia posible.<\/p>\n<p dir=\"ltr\">De esta manera, a d\u00eda de hoy vivo en Etxauri, al lado de Pamplona. Empec\u00e9 en sus paredes escalando cuando no sab\u00eda nada y sigo disfrutando cada d\u00eda que tengo un rato para subir con amigos y amigas a escalar. Al igual que el Pirineo, un terreno de aventura con un sinf\u00edn de posibilidades, el cual me sigue sorprendiendo. Y, aunque paso gran parte del a\u00f1o en Alpes, Ant\u00e1rtida y otros lugares lejanos, siempre es un placer volver a donde crec\u00ed.<\/p>\n<p dir=\"ltr\">Ya por \u00faltimo, por si a alguien le interesa, en mi juventud ten\u00eda un blog donde publicaba muchas de las actividades que fui haciendo, cuando no hab\u00eda Instagram. Os recomiendo echar un vistazo si ten\u00e9is un rato libre:<\/p>\n<\/div><\/div><div class=\"w-separator size_small\"><\/div><div class=\"w-btn-wrapper align_none\"><a class=\"w-btn us-btn-style_2 icon_atright\" target=\"_blank\" href=\"https:\/\/iker-carpanta.blogspot.com\"><span class=\"w-btn-label\">iker-carpanta.blogspot.com<\/span><i class=\"fas fa-chevron-double-right\"><\/i><\/a><\/div><\/div><\/div><\/div><\/div><\/div><\/div><\/div><\/section>\n","protected":false},"excerpt":{"rendered":"Naci\u0301 en Pamplona en el verano de 1993. Provengo de una familia montan\u0303era con la que empece\u0301 a conocer la montan\u0303a desde muy pequen\u0303o. Actividades de todo tipo en el medio natural acabaron dando sus frutos y con alrededor de 12 an\u0303os empece\u0301 con mi padre a escalar. E\u0301l, alpinista y montan\u0303ero de toda la...","protected":false},"author":1,"featured_media":0,"parent":0,"menu_order":0,"comment_status":"closed","ping_status":"closed","template":"","meta":{"footnotes":""},"class_list":["post-381","page","type-page","status-publish","hentry"],"_links":{"self":[{"href":"https:\/\/ikermadoz.garapena.eus\/es\/wp-json\/wp\/v2\/pages\/381","targetHints":{"allow":["GET"]}}],"collection":[{"href":"https:\/\/ikermadoz.garapena.eus\/es\/wp-json\/wp\/v2\/pages"}],"about":[{"href":"https:\/\/ikermadoz.garapena.eus\/es\/wp-json\/wp\/v2\/types\/page"}],"author":[{"embeddable":true,"href":"https:\/\/ikermadoz.garapena.eus\/es\/wp-json\/wp\/v2\/users\/1"}],"replies":[{"embeddable":true,"href":"https:\/\/ikermadoz.garapena.eus\/es\/wp-json\/wp\/v2\/comments?post=381"}],"version-history":[{"count":1,"href":"https:\/\/ikermadoz.garapena.eus\/es\/wp-json\/wp\/v2\/pages\/381\/revisions"}],"predecessor-version":[{"id":386,"href":"https:\/\/ikermadoz.garapena.eus\/es\/wp-json\/wp\/v2\/pages\/381\/revisions\/386"}],"wp:attachment":[{"href":"https:\/\/ikermadoz.garapena.eus\/es\/wp-json\/wp\/v2\/media?parent=381"}],"curies":[{"name":"wp","href":"https:\/\/api.w.org\/{rel}","templated":true}]}}