{"id":389,"date":"2026-03-16T12:38:09","date_gmt":"2026-03-16T11:38:09","guid":{"rendered":"https:\/\/ikermadoz.garapena.eus\/?page_id=389"},"modified":"2026-03-18T09:16:14","modified_gmt":"2026-03-18T08:16:14","slug":"tarifas","status":"publish","type":"page","link":"https:\/\/ikermadoz.garapena.eus\/es\/tarifas\/","title":{"rendered":"Tarifas"},"content":{"rendered":"<section class=\"l-section wpb_row height_medium\"><div class=\"l-section-h i-cf\"><div class=\"g-cols vc_row via_grid cols_2-1 laptops-cols_inherit tablets-cols_inherit mobiles-cols_1 valign_top type_default stacking_default\"><div class=\"wpb_column vc_column_container\"><div class=\"vc_column-inner\"><div class=\"wpb_text_column\"><div class=\"wpb_wrapper\"><p dir=\"ltr\" data-pm-slice=\"1 1 &#091;&#093;\">Las TARIFAS B\u00c1SICAS de Alta Monta\u00f1a son:<\/p>\n<ul>\n<li dir=\"ltr\">\n<p dir=\"ltr\">Media jornada (3 horas): \u2026&#8230;&#8230;&#8230;&#8230;&#8230;&#8230;. a partir de 200\u20ac<\/p>\n<\/li>\n<li dir=\"ltr\">\n<p dir=\"ltr\">Jornada privada: \u2026&#8230;&#8230;&#8230;&#8230;&#8230;&#8230;&#8230;&#8230;&#8230;. a partir de 340\u20ac<\/p>\n<\/li>\n<\/ul>\n<p dir=\"ltr\">Como norma general, en estas tarifas se incluye el precio del guiado y el seguro de actividad (en Europa).<\/p>\n<p dir=\"ltr\">El alojamiento, transporte, material individual, remontes mec\u00e1nicos y manutenciones del gu\u00eda en refugios no est\u00e1 incluida en la tarifa.<\/p>\n<p dir=\"ltr\">ALGUNAS IDEAS:<\/p>\n<\/div><\/div><div class=\"w-separator size_medium\"><\/div><div class=\"w-btn-wrapper align_none\"><a class=\"w-btn us-btn-style_2 icon_atright\" href=\"\/wp-content\/uploads\/2026\/03\/TARIFAS-DE-ACTIVIDADES-EN-ESPANA-2022.pdf\"><span class=\"w-btn-label\">Tarifas de actividades en Espa\u00f1a<\/span><i class=\"fas fa-file-download\"><\/i><\/a><\/div><div class=\"w-btn-wrapper align_none\"><a class=\"w-btn us-btn-style_2 icon_atright\" href=\"\/wp-content\/uploads\/2026\/03\/2026-Tarifs-des-courses.pdf\"><span class=\"w-btn-label\">Tarifs des courses Alpes<\/span><i class=\"fas fa-file-download\"><\/i><\/a><\/div><div class=\"w-separator size_medium\"><\/div><div class=\"wpb_text_column\"><div class=\"wpb_wrapper\"><p dir=\"ltr\" data-pm-slice=\"1 1 &#091;&#093;\"><em>*Son precios <\/em><strong><em>orientativos<\/em><\/strong><em>, ya que el precio final lo determinar\u00e1n las condiciones, la \u00e9poca, el n\u00famero de personas, si requiere pernoctar, etc.<\/em><\/p>\n<\/div><\/div><\/div><\/div><div class=\"wpb_column vc_column_container\"><div class=\"vc_column-inner\"><div class=\"w-image align_none\"><div class=\"w-image-h\"><img decoding=\"async\" width=\"576\" height=\"1024\" src=\"https:\/\/ikermadoz.garapena.eus\/wp-content\/uploads\/2026\/03\/IMG_7517-576x1024.jpg\" class=\"attachment-large size-large\" alt=\"\" loading=\"lazy\" srcset=\"https:\/\/ikermadoz.garapena.eus\/wp-content\/uploads\/2026\/03\/IMG_7517-576x1024.jpg 576w, https:\/\/ikermadoz.garapena.eus\/wp-content\/uploads\/2026\/03\/IMG_7517-169x300.jpg 169w, https:\/\/ikermadoz.garapena.eus\/wp-content\/uploads\/2026\/03\/IMG_7517.jpg 1370w\" sizes=\"auto, (max-width: 576px) 100vw, 576px\" \/><\/div><\/div><\/div><\/div><\/div><\/div><\/section>\n","protected":false},"excerpt":{"rendered":"Las TARIFAS B\u00c1SICAS de Alta Monta\u00f1a son: Media jornada (3 horas): \u2026&#8230;&#8230;&#8230;&#8230;&#8230;&#8230;. a partir de 200\u20ac Jornada privada: \u2026&#8230;&#8230;&#8230;&#8230;&#8230;&#8230;&#8230;&#8230;&#8230;. a partir de 340\u20ac Como norma general, en estas tarifas se incluye el precio del guiado y el seguro de actividad (en Europa). El alojamiento, transporte, material individual, remontes mec\u00e1nicos y manutenciones del gu\u00eda en refugios...","protected":false},"author":1,"featured_media":0,"parent":0,"menu_order":0,"comment_status":"closed","ping_status":"closed","template":"","meta":{"footnotes":""},"class_list":["post-389","page","type-page","status-publish","hentry"],"_links":{"self":[{"href":"https:\/\/ikermadoz.garapena.eus\/es\/wp-json\/wp\/v2\/pages\/389","targetHints":{"allow":["GET"]}}],"collection":[{"href":"https:\/\/ikermadoz.garapena.eus\/es\/wp-json\/wp\/v2\/pages"}],"about":[{"href":"https:\/\/ikermadoz.garapena.eus\/es\/wp-json\/wp\/v2\/types\/page"}],"author":[{"embeddable":true,"href":"https:\/\/ikermadoz.garapena.eus\/es\/wp-json\/wp\/v2\/users\/1"}],"replies":[{"embeddable":true,"href":"https:\/\/ikermadoz.garapena.eus\/es\/wp-json\/wp\/v2\/comments?post=389"}],"version-history":[{"count":4,"href":"https:\/\/ikermadoz.garapena.eus\/es\/wp-json\/wp\/v2\/pages\/389\/revisions"}],"predecessor-version":[{"id":449,"href":"https:\/\/ikermadoz.garapena.eus\/es\/wp-json\/wp\/v2\/pages\/389\/revisions\/449"}],"wp:attachment":[{"href":"https:\/\/ikermadoz.garapena.eus\/es\/wp-json\/wp\/v2\/media?parent=389"}],"curies":[{"name":"wp","href":"https:\/\/api.w.org\/{rel}","templated":true}]}}